{"id":20,"date":"2018-04-16T09:10:58","date_gmt":"2018-04-16T12:10:58","guid":{"rendered":"http:\/\/localhost\/base\/sitenovo\/home\/"},"modified":"2021-09-23T12:47:51","modified_gmt":"2021-09-23T15:47:51","slug":"home","status":"publish","type":"page","link":"https:\/\/www.em2producoes.com.br\/site\/","title":{"rendered":"Home"},"content":{"rendered":"\n<p>As parcerias que mantemos com todos escrit\u00f3rios de <strong>Agenciamento Art\u00edstico<\/strong> no pa\u00eds, t\u00eam por objetivo atender da melhor forma poss\u00edvel os <a href=\"\/site\/clientes\">nossos clientes<\/a>, garantindo sempre op\u00e7\u00f5es seguras e adequadas a cada a\u00e7\u00e3o e or\u00e7amento.<\/p>\n\n\n\n<p>S\u00f3 aqui voc\u00ea encontra um escrit\u00f3rio que atende todos os profissionais que precisa para seu evento, a\u00e7\u00e3o digital ou publicidade, de forma assertiva e r\u00e1pida.<\/p>\n","protected":false},"excerpt":{"rendered":"<p>As parcerias que mantemos com todos escrit\u00f3rios de Agenciamento Art\u00edstico no pa\u00eds, t\u00eam por objetivo atender da melhor forma poss\u00edvel os nossos clientes, garantindo sempre op\u00e7\u00f5es seguras e adequadas a cada a\u00e7\u00e3o e or\u00e7amento. S\u00f3 aqui voc\u00ea encontra um escrit\u00f3rio que atende todos os profissionais que precisa para seu evento, a\u00e7\u00e3o digital ou publicidade, de &hellip; <a href=\"https:\/\/www.em2producoes.com.br\/site\/\">Continua<\/a><\/p>\n","protected":false},"author":2,"featured_media":0,"parent":0,"menu_order":-1,"comment_status":"closed","ping_status":"closed","template":"page-home.php","meta":[],"acf":[],"yoast_head":"<!-- This site is optimized with the Yoast SEO plugin v19.6.1 - https:\/\/yoast.com\/wordpress\/plugins\/seo\/ -->\n<title>Home - EM2 Produ\u00e7\u00f5es<\/title>\n<meta name=\"robots\" content=\"index, follow, max-snippet:-1, max-image-preview:large, max-video-preview:-1\" \/>\n<link rel=\"canonical\" href=\"https:\/\/www.em2producoes.com.br\/site\/\" \/>\n<meta property=\"og:locale\" content=\"pt_BR\" \/>\n<meta property=\"og:type\" content=\"article\" \/>\n<meta property=\"og:title\" content=\"Home - EM2 Produ\u00e7\u00f5es\" \/>\n<meta property=\"og:description\" content=\"As parcerias que mantemos com todos escrit\u00f3rios de Agenciamento Art\u00edstico no pa\u00eds, t\u00eam por objetivo atender da melhor forma poss\u00edvel os nossos clientes, garantindo sempre op\u00e7\u00f5es seguras e adequadas a cada a\u00e7\u00e3o e or\u00e7amento. S\u00f3 aqui voc\u00ea encontra um escrit\u00f3rio que atende todos os profissionais que precisa para seu evento, a\u00e7\u00e3o digital ou publicidade, de &hellip; Continua\" \/>\n<meta property=\"og:url\" content=\"https:\/\/www.em2producoes.com.br\/site\/\" \/>\n<meta property=\"og:site_name\" content=\"EM2 Produ\u00e7\u00f5es\" \/>\n<meta property=\"article:publisher\" content=\"https:\/\/www.facebook.com\/em2producoes\/\" \/>\n<meta property=\"article:modified_time\" content=\"2021-09-23T15:47:51+00:00\" \/>\n<meta name=\"twitter:card\" content=\"summary_large_image\" \/>\n<meta name=\"twitter:label1\" content=\"Est. tempo de leitura\" \/>\n\t<meta name=\"twitter:data1\" content=\"1 minuto\" \/>\n<script type=\"application\/ld+json\" class=\"yoast-schema-graph\">{\"@context\":\"https:\/\/schema.org\",\"@graph\":[{\"@type\":\"WebPage\",\"@id\":\"https:\/\/www.em2producoes.com.br\/site\/\",\"url\":\"https:\/\/www.em2producoes.com.br\/site\/\",\"name\":\"Home - EM2 Produ\u00e7\u00f5es\",\"isPartOf\":{\"@id\":\"https:\/\/www.em2producoes.com.br\/site\/#website\"},\"datePublished\":\"2018-04-16T12:10:58+00:00\",\"dateModified\":\"2021-09-23T15:47:51+00:00\",\"breadcrumb\":{\"@id\":\"https:\/\/www.em2producoes.com.br\/site\/#breadcrumb\"},\"inLanguage\":\"pt-BR\",\"potentialAction\":[{\"@type\":\"ReadAction\",\"target\":[\"https:\/\/www.em2producoes.com.br\/site\/\"]}]},{\"@type\":\"BreadcrumbList\",\"@id\":\"https:\/\/www.em2producoes.com.br\/site\/#breadcrumb\",\"itemListElement\":[{\"@type\":\"ListItem\",\"position\":1,\"name\":\"In\u00edcio\",\"item\":\"https:\/\/www.em2producoes.com.br\/site\/\"},{\"@type\":\"ListItem\",\"position\":2,\"name\":\"Home\"}]},{\"@type\":\"WebSite\",\"@id\":\"https:\/\/www.em2producoes.com.br\/site\/#website\",\"url\":\"https:\/\/www.em2producoes.com.br\/site\/\",\"name\":\"EM2 Produ\u00e7\u00f5es\",\"description\":\"Ativando &amp; Conectando Marcas e Talentos\",\"publisher\":{\"@id\":\"https:\/\/www.em2producoes.com.br\/site\/#organization\"},\"potentialAction\":[{\"@type\":\"SearchAction\",\"target\":{\"@type\":\"EntryPoint\",\"urlTemplate\":\"https:\/\/www.em2producoes.com.br\/site\/?s={search_term_string}\"},\"query-input\":\"required name=search_term_string\"}],\"inLanguage\":\"pt-BR\"},{\"@type\":\"Organization\",\"@id\":\"https:\/\/www.em2producoes.com.br\/site\/#organization\",\"name\":\"EM2 Produ\u00e7\u00f5es\",\"url\":\"https:\/\/www.em2producoes.com.br\/site\/\",\"sameAs\":[\"https:\/\/www.instagram.com\/em2producoes\/\",\"https:\/\/www.youtube.com\/channel\/UCGLxUPhqHfr6zp3izS5GdWg\",\"https:\/\/www.facebook.com\/em2producoes\/\"],\"logo\":{\"@type\":\"ImageObject\",\"inLanguage\":\"pt-BR\",\"@id\":\"https:\/\/www.em2producoes.com.br\/site\/#\/schema\/logo\/image\/\",\"url\":\"http:\/\/www.em2producoes.com.br\/site\/wp-content\/uploads\/2021\/05\/logotipo-big.jpg\",\"contentUrl\":\"http:\/\/www.em2producoes.com.br\/site\/wp-content\/uploads\/2021\/05\/logotipo-big.jpg\",\"width\":710,\"height\":310,\"caption\":\"EM2 Produ\u00e7\u00f5es\"},\"image\":{\"@id\":\"https:\/\/www.em2producoes.com.br\/site\/#\/schema\/logo\/image\/\"}}]}<\/script>\n<!-- \/ Yoast SEO plugin. -->","yoast_head_json":{"title":"Home - EM2 Produ\u00e7\u00f5es","robots":{"index":"index","follow":"follow","max-snippet":"max-snippet:-1","max-image-preview":"max-image-preview:large","max-video-preview":"max-video-preview:-1"},"canonical":"https:\/\/www.em2producoes.com.br\/site\/","og_locale":"pt_BR","og_type":"article","og_title":"Home - EM2 Produ\u00e7\u00f5es","og_description":"As parcerias que mantemos com todos escrit\u00f3rios de Agenciamento Art\u00edstico no pa\u00eds, t\u00eam por objetivo atender da melhor forma poss\u00edvel os nossos clientes, garantindo sempre op\u00e7\u00f5es seguras e adequadas a cada a\u00e7\u00e3o e or\u00e7amento. S\u00f3 aqui voc\u00ea encontra um escrit\u00f3rio que atende todos os profissionais que precisa para seu evento, a\u00e7\u00e3o digital ou publicidade, de &hellip; Continua","og_url":"https:\/\/www.em2producoes.com.br\/site\/","og_site_name":"EM2 Produ\u00e7\u00f5es","article_publisher":"https:\/\/www.facebook.com\/em2producoes\/","article_modified_time":"2021-09-23T15:47:51+00:00","twitter_card":"summary_large_image","twitter_misc":{"Est. tempo de leitura":"1 minuto"},"schema":{"@context":"https:\/\/schema.org","@graph":[{"@type":"WebPage","@id":"https:\/\/www.em2producoes.com.br\/site\/","url":"https:\/\/www.em2producoes.com.br\/site\/","name":"Home - EM2 Produ\u00e7\u00f5es","isPartOf":{"@id":"https:\/\/www.em2producoes.com.br\/site\/#website"},"datePublished":"2018-04-16T12:10:58+00:00","dateModified":"2021-09-23T15:47:51+00:00","breadcrumb":{"@id":"https:\/\/www.em2producoes.com.br\/site\/#breadcrumb"},"inLanguage":"pt-BR","potentialAction":[{"@type":"ReadAction","target":["https:\/\/www.em2producoes.com.br\/site\/"]}]},{"@type":"BreadcrumbList","@id":"https:\/\/www.em2producoes.com.br\/site\/#breadcrumb","itemListElement":[{"@type":"ListItem","position":1,"name":"In\u00edcio","item":"https:\/\/www.em2producoes.com.br\/site\/"},{"@type":"ListItem","position":2,"name":"Home"}]},{"@type":"WebSite","@id":"https:\/\/www.em2producoes.com.br\/site\/#website","url":"https:\/\/www.em2producoes.com.br\/site\/","name":"EM2 Produ\u00e7\u00f5es","description":"Ativando &amp; Conectando Marcas e Talentos","publisher":{"@id":"https:\/\/www.em2producoes.com.br\/site\/#organization"},"potentialAction":[{"@type":"SearchAction","target":{"@type":"EntryPoint","urlTemplate":"https:\/\/www.em2producoes.com.br\/site\/?s={search_term_string}"},"query-input":"required name=search_term_string"}],"inLanguage":"pt-BR"},{"@type":"Organization","@id":"https:\/\/www.em2producoes.com.br\/site\/#organization","name":"EM2 Produ\u00e7\u00f5es","url":"https:\/\/www.em2producoes.com.br\/site\/","sameAs":["https:\/\/www.instagram.com\/em2producoes\/","https:\/\/www.youtube.com\/channel\/UCGLxUPhqHfr6zp3izS5GdWg","https:\/\/www.facebook.com\/em2producoes\/"],"logo":{"@type":"ImageObject","inLanguage":"pt-BR","@id":"https:\/\/www.em2producoes.com.br\/site\/#\/schema\/logo\/image\/","url":"http:\/\/www.em2producoes.com.br\/site\/wp-content\/uploads\/2021\/05\/logotipo-big.jpg","contentUrl":"http:\/\/www.em2producoes.com.br\/site\/wp-content\/uploads\/2021\/05\/logotipo-big.jpg","width":710,"height":310,"caption":"EM2 Produ\u00e7\u00f5es"},"image":{"@id":"https:\/\/www.em2producoes.com.br\/site\/#\/schema\/logo\/image\/"}}]}},"_links":{"self":[{"href":"https:\/\/www.em2producoes.com.br\/site\/wp-json\/wp\/v2\/pages\/20"}],"collection":[{"href":"https:\/\/www.em2producoes.com.br\/site\/wp-json\/wp\/v2\/pages"}],"about":[{"href":"https:\/\/www.em2producoes.com.br\/site\/wp-json\/wp\/v2\/types\/page"}],"author":[{"embeddable":true,"href":"https:\/\/www.em2producoes.com.br\/site\/wp-json\/wp\/v2\/users\/2"}],"replies":[{"embeddable":true,"href":"https:\/\/www.em2producoes.com.br\/site\/wp-json\/wp\/v2\/comments?post=20"}],"version-history":[{"count":26,"href":"https:\/\/www.em2producoes.com.br\/site\/wp-json\/wp\/v2\/pages\/20\/revisions"}],"predecessor-version":[{"id":3050,"href":"https:\/\/www.em2producoes.com.br\/site\/wp-json\/wp\/v2\/pages\/20\/revisions\/3050"}],"wp:attachment":[{"href":"https:\/\/www.em2producoes.com.br\/site\/wp-json\/wp\/v2\/media?parent=20"}],"curies":[{"name":"wp","href":"https:\/\/api.w.org\/{rel}","templated":true}]}}